{"id":2451,"date":"2022-01-28T10:58:09","date_gmt":"2022-01-28T10:58:09","guid":{"rendered":"https:\/\/beige-caterpillar-781981.hostingersite.com\/?page_id=2451"},"modified":"2023-02-23T19:51:03","modified_gmt":"2023-02-23T19:51:03","slug":"note-legali","status":"publish","type":"page","link":"https:\/\/ilgiardinodirebecca.it\/es\/note-legali\/","title":{"rendered":"Note legali"},"content":{"rendered":"<div data-elementor-type=\"wp-page\" data-elementor-id=\"2451\" class=\"elementor elementor-2451\" data-elementor-post-type=\"page\">\n\t\t\t\t\t\t<section class=\"elementor-section elementor-top-section elementor-element elementor-element-84435ec elementor-section-boxed elementor-section-height-default elementor-section-height-default\" data-id=\"84435ec\" data-element_type=\"section\" data-e-type=\"section\">\n\t\t\t\t\t\t<div class=\"elementor-container elementor-column-gap-default\">\n\t\t\t\t\t<div class=\"elementor-column elementor-col-100 elementor-top-column elementor-element elementor-element-bc367c6\" data-id=\"bc367c6\" data-element_type=\"column\" data-e-type=\"column\">\n\t\t\t<div class=\"elementor-widget-wrap elementor-element-populated\">\n\t\t\t\t\t\t<div class=\"elementor-element elementor-element-9ef0f42 elementor-widget elementor-widget-text-editor\" data-id=\"9ef0f42\" data-element_type=\"widget\" data-e-type=\"widget\" data-widget_type=\"text-editor.default\">\n\t\t\t\t\t\t\t\t\t<h3 class=\"text01\">COPYRIGHT<\/h3><p><strong>I contenuti pubblicati su <\/strong><a href=\"https:\/\/web.archive.org\/web\/20171103065031\/https:\/\/beige-caterpillar-781981.hostingersite.com\/\" rel=\"nofollow noopener\" target=\"_blank\"><strong><em>https:\/\/beige-caterpillar-781981.hostingersite.com\/<\/em><\/strong><\/a><strong>, dove non diversamente ed esplicitamente indicato, sono protetti dalla normativa vigente in materia di tutela del diritto d&#8217;autore<\/strong>, legge n. 633\/1941 e successive modifiche ed integrazioni e non possono essere replicati su altri siti Web, mailing list, newsletter, riviste cartacee e cd rom o altri supporti non indicati, senza la preventiva autorizzazione di <strong>Il Giardino di Rebecca<\/strong>, qualsiasi sia la finalit\u00e0 di utilizzo.<br \/><br \/><strong>L&#8217;autorizzazione va chiesta per iscritto<\/strong> via posta elettronica e si intende accettata soltanto a seguito di un esplicito assenso scritto del legale rappresentante di <strong>Il Giardino di Rebecca<\/strong>.<br \/>L&#8217;eventuale mancanza di risposta da parte di <strong>Il Giardino di Rebecca<\/strong> non va in nessun caso interpretata come tacita autorizzazione.<br \/>La riproduzione, il noleggio, il prestito e la diffusione senza l&#8217;autorizzazione di <strong>Il Giardino di Rebecca<\/strong> \u00e8 vietata, tranne nei casi specificati avanti.<br \/>Alle violazioni si applicano le sanzioni previste dagli art. 171, 171-bis, 171-ter, 174-bis e 174-ter della legge n. 633\/1941.<br \/><br \/><strong>Gli elementi grafici e il codice HTML\/XHTML sono da considerarsi di esclusiva propriet\u00e0 di Il Giardino di Rebecca<\/strong>.<\/p><h3 class=\"text01\">ESCLUSIONE PARZIALE DAL DIVIETO DI RIPRODUZIONE DEI CONTENUTI<\/h3><p>I contenuti presenti su <strong>Il Giardino di Rebecca<\/strong> possono essere riprodotti parzialmente su terzi siti Internet, newsletter o supporti digitali e cartacei sotto forma di abstract, a condizione che:<\/p><ul><li>Il contenuto riprodotto non superi il 15% dei caratteri dell&#8217;articolo originale<\/li><li>Sia presente un chiaro e ben visibile link verso l&#8217;articolo originale pubblicato su <a href=\"https:\/\/web.archive.org\/web\/20171103065031\/https:\/\/beige-caterpillar-781981.hostingersite.com\/\" rel=\"nofollow noopener\" target=\"_blank\"><em><strong>https:\/\/beige-caterpillar-781981.hostingersite.com\/<\/strong><\/em><\/a><\/li><li>Sia chiaramente indicato il nome dell&#8217;autore originale<\/li><\/ul><p>\u00a0<\/p><h3 class=\"text01\">RESPONSABILITA&#8217; DI IL GIARDINO DI REBECCA<\/h3><p><strong>Il Giardino di Rebecca<\/strong> non \u00e8 responsabile per danni causati, direttamente o indirettamente, dall&#8217;utilizzo delle informazioni presenti su <a href=\"https:\/\/web.archive.org\/web\/20171103065031\/https:\/\/beige-caterpillar-781981.hostingersite.com\/\" rel=\"nofollow noopener\" target=\"_blank\"><em><strong>https:\/\/beige-caterpillar-781981.hostingersite.com\/<\/strong><\/em><\/a>.<br \/>Tutti i marchi citati e i loghi riprodotti sul <a href=\"https:\/\/web.archive.org\/web\/20171103065031\/https:\/\/beige-caterpillar-781981.hostingersite.com\/\" rel=\"nofollow noopener\" target=\"_blank\"><em><strong>https:\/\/beige-caterpillar-781981.hostingersite.com\/<\/strong><\/em><\/a> appartengono ai legittimi proprietari. Detti marchi sono citati a scopo informativo.<\/p><h3 class=\"text01\">COLLEGAMENTI DAL SITO AD ALTRI SITI INTERNET<\/h3><p>Nel sito <a href=\"https:\/\/web.archive.org\/web\/20171103065031\/https:\/\/beige-caterpillar-781981.hostingersite.com\/\" rel=\"nofollow noopener\" target=\"_blank\"><em><strong>https:\/\/beige-caterpillar-781981.hostingersite.com\/<\/strong><\/em><\/a>, sono disponibili alcuni collegamenti ad altri siti Internet.<br \/>Se si utilizzano questi collegamenti, si esce dal presente sito.<br \/><strong>Il Giardino di Rebecca non pu\u00f2 esaminare costantemente tali siti n\u00e9 li gestisce o \u00e8 responsabile per il materiale in essi contenuto<\/strong>.<br \/><strong>Il Giardino di Rebecca<\/strong>, pertanto, non offre alcuna garanzia in relazione al contenuto, alle informazioni, al software, ad altri prodotti, materiali o eventuali risultati ottenuti in tali siti.<br \/>L&#8217;accesso ad altri siti tramite i collegamenti presenti su questo sito \u00e8 esclusiva responsabilit\u00e0 dell&#8217;utente.<\/p><h3 class=\"text01\">COLLEGAMENTI AL SITO DA ALTRI SITI INTERNET<\/h3><p>Qualunque sito si colleghi (Link) al sito Intenet <a href=\"https:\/\/web.archive.org\/web\/20171103065031\/https:\/\/beige-caterpillar-781981.hostingersite.com\/\" rel=\"nofollow noopener\" target=\"_blank\"><em><strong>https:\/\/beige-caterpillar-781981.hostingersite.com\/<\/strong><\/em><\/a> \u00e8 tenuto al rispetto delle disposizioni di legge applicabili e delle seguenti istruzioni per i link:<\/p><ul><li>Si pu\u00f2 fare un link ma non duplicare il contenuto del sito.<\/li><li>Non mistifichi presunte partnership con <strong>Il Giardino di Rebecca<\/strong>.<\/li><li>Non deve fornire false informazioni sui prodotti <strong>Il Giardino di Rebecca<\/strong>.<\/li><li>Non deve usare il logo <strong>Il Giardino di Rebecca<\/strong> senza permesso.<\/li><li>Non deve avere contenuti indecenti, offensivi ma adatti a persone di tutte le et\u00e0.<\/li><\/ul>\t\t\t\t\t\t\t\t<\/div>\n\t\t\t\t\t<\/div>\n\t\t<\/div>\n\t\t\t\t\t<\/div>\n\t\t<\/section>\n\t\t\t\t<\/div>","protected":false},"excerpt":{"rendered":"<p>COPYRIGHT I contenuti pubblicati su https:\/\/beige-caterpillar-781981.hostingersite.com\/, dove non diversamente ed esplicitamente indicato, sono protetti dalla normativa vigente in materia di tutela del diritto d&#8217;autore, legge n. 633\/1941 e successive modifiche ed integrazioni e non possono essere replicati su altri siti Web, mailing list, newsletter, riviste cartacee e cd rom o altri supporti non indicati, senza [&hellip;]<\/p>","protected":false},"author":1,"featured_media":0,"parent":0,"menu_order":0,"comment_status":"closed","ping_status":"closed","template":"","meta":{"footnotes":""},"class_list":["post-2451","page","type-page","status-publish","hentry"],"_links":{"self":[{"href":"https:\/\/ilgiardinodirebecca.it\/es\/wp-json\/wp\/v2\/pages\/2451","targetHints":{"allow":["GET"]}}],"collection":[{"href":"https:\/\/ilgiardinodirebecca.it\/es\/wp-json\/wp\/v2\/pages"}],"about":[{"href":"https:\/\/ilgiardinodirebecca.it\/es\/wp-json\/wp\/v2\/types\/page"}],"author":[{"embeddable":true,"href":"https:\/\/ilgiardinodirebecca.it\/es\/wp-json\/wp\/v2\/users\/1"}],"replies":[{"embeddable":true,"href":"https:\/\/ilgiardinodirebecca.it\/es\/wp-json\/wp\/v2\/comments?post=2451"}],"version-history":[{"count":0,"href":"https:\/\/ilgiardinodirebecca.it\/es\/wp-json\/wp\/v2\/pages\/2451\/revisions"}],"wp:attachment":[{"href":"https:\/\/ilgiardinodirebecca.it\/es\/wp-json\/wp\/v2\/media?parent=2451"}],"curies":[{"name":"wp","href":"https:\/\/api.w.org\/{rel}","templated":true}]}}